{"id":4389,"date":"2024-07-25T12:40:43","date_gmt":"2024-07-25T12:40:43","guid":{"rendered":"https:\/\/gooo-staro.com\/order-fulfillment-policies\/"},"modified":"2024-07-25T13:38:12","modified_gmt":"2024-07-25T13:38:12","slug":"order-fulfillment-policies","status":"publish","type":"page","link":"https:\/\/gooo-staro.com\/tr\/order-fulfillment-policies\/","title":{"rendered":"Sipari\u015f Kar\u015f\u0131lama Politikalar\u0131"},"content":{"rendered":"<h2 style=\"text-align: center;\"><strong>Sipari\u015f Kar\u015f\u0131lama Politikalar\u0131<\/strong><\/h2>\n<p style=\"text-align: center;\"><strong>MJCO Ma\u011fazas\u0131na ho\u015f geldiniz. M\u00fc\u015fterilerimize rahat ve g\u00fcvenilir bir al\u0131\u015fveri\u015f deneyimi sunmay\u0131 taahh\u00fct ediyoruz. A\u015fa\u011f\u0131da sipari\u015flerimizle ilgili politikalar\u0131m\u0131z\u0131n detaylar\u0131n\u0131, iade, g\u00f6nderim, de\u011fi\u015fim ve iptalleri bulabilirsiniz.<\/strong><\/p>\n<h3 style=\"text-align: center;\"><strong>1. \u0130ade Politikas\u0131<\/strong><\/h3>\n<p style=\"text-align: center;\"><strong>Her al\u0131\u015fveri\u015fte tam memnuniyetinizi hedefliyoruz. \u00dcr\u00fcn\u00fcn\u00fczden memnun de\u011filseniz, a\u015fa\u011f\u0131daki ko\u015fullara g\u00f6re bir iade talebinde bulunabilirsiniz:<\/strong><\/p>\n<ul style=\"text-align: center;\">\n<li><strong>\u0130ade S\u00fcresi: \u00dcr\u00fcn\u00fc teslim ald\u0131ktan sonra 30 g\u00fcn i\u00e7inde iade talebinde bulunabilirsiniz.<\/strong><\/li>\n<li><strong>\u00dcr\u00fcn Durumu: \u00dcr\u00fcn, orijinal durumda, kullan\u0131lmam\u0131\u015f olmal\u0131 ve orijinal ambalaj\u0131 ve faturas\u0131yla birlikte olmal\u0131d\u0131r.<\/strong><\/li>\n<li><strong>\u0130ade S\u00fcreci: \u0130ade talebinde bulunmak i\u00e7in l\u00fctfen bize e-posta yoluyla support<a rel=\"noreferrer\">@mjcosystems.com<\/a> adresinden veya web sitemizdeki &#8220;\u0130leti\u015fim&#8221; sayfas\u0131ndan ula\u015f\u0131n.<\/strong><\/li>\n<\/ul>\n<h3 style=\"text-align: center;\"><strong>2. G\u00f6nderim Politikas\u0131<\/strong><\/h3>\n<p style=\"text-align: center;\"><strong>Sipari\u015flerinizi m\u00fcmk\u00fcn olan en h\u0131zl\u0131 \u015fekilde g\u00f6ndermeyi taahh\u00fct ediyoruz. \u0130\u015fte g\u00f6nderim politikam\u0131z\u0131n detaylar\u0131:<\/strong><\/p>\n<ul style=\"text-align: center;\">\n<li><strong>G\u00f6nderim Y\u00f6ntemleri: FedEx, UPS, DHL gibi tan\u0131nm\u0131\u015f kargo \u015firketleri arac\u0131l\u0131\u011f\u0131yla g\u00f6nderim hizmeti sunuyoruz.<\/strong><\/li>\n<li><strong>G\u00f6nderim \u00dccreti: G\u00f6nderim \u00fccreti, konum ve sipari\u015fin a\u011f\u0131rl\u0131\u011f\u0131na g\u00f6re de\u011fi\u015febilir. G\u00f6nderim \u00fccretleri \u00f6deme s\u0131ras\u0131nda hesaplanacakt\u0131r.<\/strong><\/li>\n<li><strong>G\u00f6nderim S\u00fcresi: Sipari\u015fler, sipari\u015f onay\u0131ndan itibaren 2-3 i\u015f g\u00fcn\u00fc i\u00e7inde g\u00f6nderilir ve teslimat genellikle belirtilen adrese 5-7 g\u00fcn s\u00fcrer.<\/strong><\/li>\n<\/ul>\n<h3 style=\"text-align: center;\"><strong>3. De\u011fi\u015fim Politikas\u0131<\/strong><\/h3>\n<p style=\"text-align: center;\"><strong>Bir \u00fcr\u00fcn\u00fc de\u011fi\u015ftirmek isterseniz, l\u00fctfen a\u015fa\u011f\u0131daki ko\u015fullar\u0131 takip edin:<\/strong><\/p>\n<ul style=\"text-align: center;\">\n<li><strong>De\u011fi\u015fim S\u00fcresi: \u00dcr\u00fcn\u00fc teslim ald\u0131ktan sonra 14 g\u00fcn i\u00e7inde iade edebilirsiniz.<\/strong><\/li>\n<li><strong>\u00dcr\u00fcn Durumu: \u00dcr\u00fcn, orijinal durumda, kullan\u0131lmam\u0131\u015f ve orijinal ambalaj\u0131nda olmal\u0131d\u0131r.<\/strong><\/li>\n<li><strong>\u0130ade S\u00fcreci: \u0130ade detaylar\u0131n\u0131 talep etmek i\u00e7in l\u00fctfen e-posta yoluyla support<a rel=\"noreferrer\">@mjcosystems.com<\/a> adresinden bizimle ileti\u015fime ge\u00e7in. \u00dcr\u00fcn, size verece\u011fimiz iade adresine g\u00f6nderilmelidir.<\/strong><\/li>\n<\/ul>\n<h3 style=\"text-align: center;\"><strong>4. \u0130ptal Politikas\u0131<\/strong><\/h3>\n<p style=\"text-align: center;\"><strong>Bir aboneli\u011fi veya rezervasyonu iptal etmek isterseniz, l\u00fctfen a\u015fa\u011f\u0131daki ko\u015fullar\u0131 takip edin:<\/strong><\/p>\n<ul style=\"text-align: center;\">\n<li><strong>Abonelik \u0130ptali: Aboneli\u011finizi, bir sonraki fatura d\u00f6nemi ba\u015flamadan 7 g\u00fcn \u00f6nce herhangi bir zamanda iptal edebilirsiniz. T\u00fcm gelecekteki \u00f6demeler iptal edilecektir, ancak \u00f6nceden \u00f6denmi\u015f tutarlar geri \u00f6denmeyecektir.<\/strong><\/li>\n<li><strong>Rezervasyon \u0130ptali: Rezervasyonunuzu, planlanan zamandan 48 saat \u00f6nce iptal ederseniz tam bir geri \u00f6deme al\u0131rs\u0131n\u0131z. Bu s\u00fcre sonras\u0131 geri \u00f6deme, rezervasyon politikas\u0131na g\u00f6re yap\u0131lmayabilir.<\/strong><\/li>\n<\/ul>\n<h3 style=\"text-align: center;\"><strong>\u0130leti\u015fim:<\/strong><\/h3>\n<p style=\"text-align: center;\"><strong>\u0130ade politikalar\u0131yla ilgili ek sorular\u0131n\u0131z veya talepleriniz i\u00e7in l\u00fctfen e-posta yoluyla support<a rel=\"noreferrer\">@mjcosystems.com<\/a> adresinden veya web sitemizdeki &#8220;<a href=\"https:\/\/gooo-staro.com\/contact-us\" target=\"_blank\" rel=\"noopener\">\u0130leti\u015fim<\/a>&#8221; sayfas\u0131ndan bizimle ileti\u015fime ge\u00e7in.<\/strong><\/p>\n","protected":false},"excerpt":{"rendered":"<p>Sipari\u015f Kar\u015f\u0131lama Politikalar\u0131 MJCO Ma\u011fazas\u0131na ho\u015f geldiniz. M\u00fc\u015fterilerimize rahat ve g\u00fcvenilir bir al\u0131\u015fveri\u015f deneyimi sunmay\u0131 taahh\u00fct ediyoruz. A\u015fa\u011f\u0131da sipari\u015flerimizle ilgili politikalar\u0131m\u0131z\u0131n detaylar\u0131n\u0131, iade, g\u00f6nderim, de\u011fi\u015fim ve iptalleri bulabilirsiniz. 1. \u0130ade Politikas\u0131 Her al\u0131\u015fveri\u015fte tam memnuniyetinizi hedefliyoruz. \u00dcr\u00fcn\u00fcn\u00fczden memnun de\u011filseniz, a\u015fa\u011f\u0131daki ko\u015fullara g\u00f6re bir iade talebinde bulunabilirsiniz: \u0130ade S\u00fcresi: \u00dcr\u00fcn\u00fc teslim ald\u0131ktan sonra 30 g\u00fcn i\u00e7inde [&hellip;]<\/p>\n","protected":false},"author":1,"featured_media":0,"parent":0,"menu_order":0,"comment_status":"closed","ping_status":"closed","template":"","meta":{"footnotes":""},"class_list":["post-4389","page","type-page","status-publish","hentry"],"_links":{"self":[{"href":"https:\/\/gooo-staro.com\/tr\/wp-json\/wp\/v2\/pages\/4389","targetHints":{"allow":["GET"]}}],"collection":[{"href":"https:\/\/gooo-staro.com\/tr\/wp-json\/wp\/v2\/pages"}],"about":[{"href":"https:\/\/gooo-staro.com\/tr\/wp-json\/wp\/v2\/types\/page"}],"author":[{"embeddable":true,"href":"https:\/\/gooo-staro.com\/tr\/wp-json\/wp\/v2\/users\/1"}],"replies":[{"embeddable":true,"href":"https:\/\/gooo-staro.com\/tr\/wp-json\/wp\/v2\/comments?post=4389"}],"version-history":[{"count":2,"href":"https:\/\/gooo-staro.com\/tr\/wp-json\/wp\/v2\/pages\/4389\/revisions"}],"predecessor-version":[{"id":4393,"href":"https:\/\/gooo-staro.com\/tr\/wp-json\/wp\/v2\/pages\/4389\/revisions\/4393"}],"wp:attachment":[{"href":"https:\/\/gooo-staro.com\/tr\/wp-json\/wp\/v2\/media?parent=4389"}],"curies":[{"name":"wp","href":"https:\/\/api.w.org\/{rel}","templated":true}]}}