{"id":4372,"date":"2024-07-22T11:06:14","date_gmt":"2024-07-22T11:06:14","guid":{"rendered":"https:\/\/gooo-staro.com\/refund_returns\/"},"modified":"2024-07-25T13:29:10","modified_gmt":"2024-07-25T13:29:10","slug":"refund_returns","status":"publish","type":"page","link":"https:\/\/gooo-staro.com\/tr\/refund_returns\/","title":{"rendered":"\u0130ade ve Geri \u00d6deme Politikas\u0131"},"content":{"rendered":"<h1 style=\"font-size: 24px; font-weight: bold; margin-bottom: 20px; text-align: center;\"><strong>Genel Bak\u0131\u015f<\/strong><\/h1>\n<p style=\"font-size: 16px; text-align: center;\"><strong>\u0130ade ve geri \u00f6deme politikam\u0131z 7 g\u00fcn s\u00fcrer. E\u011fer sat\u0131n alma tarihinizden itibaren 7 g\u00fcn ge\u00e7tiyse, size tam bir geri \u00f6deme veya de\u011fi\u015fim sunamay\u0131z.<\/strong><\/p>\n<p style=\"font-size: 16px; text-align: center;\"><strong>\u0130ade i\u00e7in uygun olabilmeniz i\u00e7in \u00fcr\u00fcn\u00fcn\u00fcz kullan\u0131lmam\u0131\u015f ve ald\u0131\u011f\u0131n\u0131z durumunda olmal\u0131d\u0131r. Ayr\u0131ca orijinal ambalaj\u0131nda olmal\u0131d\u0131r.<\/strong><\/p>\n<p style=\"font-size: 16px; text-align: center;\"><strong>Belirli t\u00fcrdeki \u00fcr\u00fcnler iade edilemez. G\u0131da, \u00e7i\u00e7ekler, gazeteler veya dergiler gibi bozulabilir \u00fcr\u00fcnler iade edilemez. Ayr\u0131ca, \u00f6zel veya hijyen \u00fcr\u00fcnleri, tehlikeli maddeler veya yan\u0131c\u0131 s\u0131v\u0131lar ve gazlar kabul edilmez.<\/strong><\/p>\n<p style=\"font-size: 16px; text-align: center;\"><strong>Ekstra iade edilemeyen \u00fcr\u00fcnler:<\/strong><\/p>\n<ul style=\"font-size: 16px; text-align: center;\">\n<li><strong>Hediye kartlar\u0131<\/strong><\/li>\n<li><strong>\u0130ndirilebilir yaz\u0131l\u0131m \u00fcr\u00fcnleri<\/strong><\/li>\n<li><strong>Baz\u0131 sa\u011fl\u0131k ve ki\u015fisel bak\u0131m \u00fcr\u00fcnleri<\/strong><\/li>\n<\/ul>\n<p style=\"font-size: 16px; text-align: center;\"><strong>\u0130ade i\u015flemini tamamlamak i\u00e7in bir fi\u015f veya sat\u0131n alma kan\u0131t\u0131 gereklidir.<\/strong><\/p>\n<p style=\"font-size: 16px; text-align: center;\"><strong>\u00dcr\u00fcn\u00fcn\u00fcz\u00fc \u00fcreticiye g\u00f6ndermeyin.<\/strong><\/p>\n<p style=\"font-size: 16px; text-align: center;\"><strong>Sadece k\u0131smi geri \u00f6demelerin verildi\u011fi baz\u0131 durumlar vard\u0131r:<\/strong><\/p>\n<ul style=\"font-size: 16px; text-align: center;\">\n<li><strong>Belirgin kullan\u0131m izleri olan kitaplar<\/strong><\/li>\n<li><strong>A\u00e7\u0131lm\u0131\u015f CD, DVD, VHS kaseti, yaz\u0131l\u0131m, video oyunu, kaset veya plak.<\/strong><\/li>\n<li><strong>Orijinal durumunda olmayan, hasar g\u00f6rm\u00fc\u015f veya eksik par\u00e7alara sahip \u00fcr\u00fcnler, hatam\u0131z sonucu de\u011filse.<\/strong><\/li>\n<li><strong>Teslimattan 7 g\u00fcnden fazla s\u00fcre sonra iade edilen \u00fcr\u00fcnler<\/strong><\/li>\n<\/ul>\n<h1 style=\"font-size: 24px; font-weight: bold; margin-bottom: 20px; text-align: center;\"><strong>Geri \u00d6demeler<\/strong><\/h1>\n<p style=\"font-size: 16px; text-align: center;\"><strong>\u0130ade edilen \u00fcr\u00fcn\u00fcn\u00fcz\u00fc ald\u0131\u011f\u0131m\u0131zda ve inceledi\u011fimizde, size \u00fcr\u00fcn\u00fcn\u00fcz\u00fc ald\u0131\u011f\u0131m\u0131z\u0131 bildiren bir e-posta g\u00f6nderece\u011fiz. Ayr\u0131ca geri \u00f6demenizin onaylan\u0131p onaylanmad\u0131\u011f\u0131n\u0131 da bildirece\u011fiz.<\/strong><\/p>\n<p style=\"font-size: 16px; text-align: center;\"><strong>Onaylan\u0131rsa, geri \u00f6demeniz i\u015fleme al\u0131nacak ve kredi kart\u0131n\u0131za veya orijinal \u00f6deme y\u00f6nteminize otomatik olarak kredi uygulanacakt\u0131r, belirli bir g\u00fcn say\u0131s\u0131 i\u00e7inde.<\/strong><\/p>\n<h2 style=\"font-size: 20px; font-weight: bold; margin-bottom: 15px; text-align: center;\"><strong>Ge\u00e7 Geri \u00d6demeler veya Kaybolmu\u015f Geri \u00d6demeler<\/strong><\/h2>\n<p style=\"font-size: 16px; text-align: center;\"><strong>Hen\u00fcz geri \u00f6deme almad\u0131ysan\u0131z, \u00f6nce bankan\u0131z\u0131 tekrar kontrol edin.<\/strong><\/p>\n<p style=\"font-size: 16px; text-align: center;\"><strong>Sonra kredi kart\u0131 \u015firketinizle ileti\u015fime ge\u00e7in, geri \u00f6demenizin resmi olarak yay\u0131nlanmas\u0131 biraz zaman alabilir.<\/strong><\/p>\n<p style=\"font-size: 16px; text-align: center;\"><strong>Sonra bankan\u0131zla ileti\u015fime ge\u00e7in. Genellikle bir geri \u00f6demenin yay\u0131nlanmadan \u00f6nce i\u015fleme al\u0131nma s\u00fcresi vard\u0131r.<\/strong><\/p>\n<p style=\"font-size: 16px; text-align: center;\"><strong>Bunlar\u0131n hepsini yapt\u0131ysan\u0131z ve geri \u00f6demenizi hala almad\u0131ysan\u0131z, l\u00fctfen <a href=\"mailto:support@mjcosystems.com\">support@mjcosystems.com<\/a> adresinden bizimle ileti\u015fime ge\u00e7in.<\/strong><\/p>\n<h2 style=\"font-size: 20px; font-weight: bold; margin-bottom: 15px; text-align: center;\"><strong>\u0130ndirimli \u00dcr\u00fcnler<\/strong><\/h2>\n<p style=\"font-size: 16px; text-align: center;\"><strong>Sadece normal fiyatl\u0131 \u00fcr\u00fcnler geri \u00f6denebilir. \u0130ndirimli \u00fcr\u00fcnler geri \u00f6denemez.<\/strong><\/p>\n<h1 style=\"font-size: 24px; font-weight: bold; margin-bottom: 20px; text-align: center;\"><strong>De\u011fi\u015fimler<\/strong><\/h1>\n<p style=\"font-size: 16px; text-align: center;\"><strong>\u00dcr\u00fcnler sadece kusurlu veya hasar g\u00f6rm\u00fc\u015fse de\u011fi\u015ftirilir. Ayn\u0131 \u00fcr\u00fcn\u00fc de\u011fi\u015ftirmek istiyorsan\u0131z, bize <a href=\"mailto:support@mjcosystems.com\">support@mjcosystems.com<\/a> adresinden e-posta g\u00f6nderin ve \u00fcr\u00fcn\u00fcn\u00fcz\u00fc {En Yak\u0131n G\u00f6nderim \u015eubesi} adresine g\u00f6nderin.<\/strong><\/p>\n<h1 style=\"font-size: 24px; font-weight: bold; margin-bottom: 20px; text-align: center;\"><strong>Hediyeler<\/strong><\/h1>\n<p style=\"font-size: 16px; text-align: center;\"><strong>\u00dcr\u00fcn sat\u0131n al\u0131rken hediye olarak i\u015faretlenmi\u015fse ve do\u011frudan size g\u00f6nderildiyse, geri \u00f6demeniz i\u00e7in bir hediye kredisi al\u0131rs\u0131n\u0131z. \u0130ade edilen \u00fcr\u00fcn\u00fc ald\u0131\u011f\u0131m\u0131zda, size bir hediye sertifikas\u0131 g\u00f6nderilecektir.<\/strong><\/p>\n<p style=\"font-size: 16px; text-align: center;\"><strong>\u00dcr\u00fcn hediye olarak i\u015faretlenmemi\u015fse veya hediye veren ki\u015fi sipari\u015fi kendisine g\u00f6nderip size sonra vermek \u00fczere d\u00fczenlemi\u015fse, geri \u00f6demeniz hediye verene g\u00f6nderilecektir ve geri d\u00f6n\u00fc\u015f\u00fcn\u00fcz hakk\u0131nda bilgilendirilecektir.<\/strong><\/p>\n<h1 style=\"font-size: 24px; font-weight: bold; margin-bottom: 20px; text-align: center;\"><strong>\u0130ade G\u00f6nderimi<\/strong><\/h1>\n<p style=\"font-size: 16px; text-align: center;\"><strong>\u00dcr\u00fcn\u00fcn\u00fcz\u00fc iade etmek i\u00e7in, \u00fcr\u00fcn\u00fcn\u00fcz\u00fc {En Yak\u0131n G\u00f6nderim \u015eubesi} adresine g\u00f6ndermelisiniz.<\/strong><\/p>\n<p style=\"font-size: 16px; text-align: center;\"><strong>\u00dcr\u00fcn\u00fcn\u00fcz\u00fc iade etmek i\u00e7in kendi kargo \u00fccretlerinizi \u00f6demekle sorumlusunuz. Kargo \u00fccretleri geri \u00f6denmez. Bir geri \u00f6deme ald\u0131\u011f\u0131n\u0131zda, geri g\u00f6nderim \u00fccreti geri \u00f6demenizden d\u00fc\u015f\u00fclecektir.<\/strong><\/p>\n<p style=\"font-size: 16px; text-align: center;\"><strong>Ya\u015fad\u0131\u011f\u0131n\u0131z yere ba\u011fl\u0131 olarak, de\u011fi\u015ftirilmi\u015f \u00fcr\u00fcn\u00fcn\u00fcz\u00fcn size ula\u015fmas\u0131 i\u00e7in ge\u00e7en s\u00fcre de\u011fi\u015febilir.<\/strong><\/p>\n<p style=\"font-size: 16px; text-align: center;\"><strong>75 dolardan fazla bir \u00fcr\u00fcn g\u00f6nderiyorsan\u0131z, izlenebilir bir kargo servisi kullanmay\u0131 veya kargo sigortas\u0131 sat\u0131n almay\u0131 d\u00fc\u015f\u00fcnebilirsiniz. \u0130ade edilen \u00fcr\u00fcn\u00fcn\u00fcz\u00fc alaca\u011f\u0131m\u0131z\u0131 garanti etmiyoruz.<\/strong><\/p>\n<h1 style=\"font-size: 24px; font-weight: bold; margin-bottom: 20px; text-align: center;\"><strong>Yard\u0131m m\u0131 \u0130htiyac\u0131n\u0131z Var?<\/strong><\/h1>\n<p style=\"font-size: 16px; text-align: center;\"><strong>\u0130adeler ve geri \u00f6demelerle ilgili sorular\u0131n\u0131z i\u00e7in <a href=\"mailto:support@mjcosystems.com\">support@mjcosystems.com<\/a> adresinden bizimle ileti\u015fime ge\u00e7in.<\/strong><\/p>\n","protected":false},"excerpt":{"rendered":"<p>Genel Bak\u0131\u015f \u0130ade ve geri \u00f6deme politikam\u0131z 7 g\u00fcn s\u00fcrer. E\u011fer sat\u0131n alma tarihinizden itibaren 7 g\u00fcn ge\u00e7tiyse, size tam bir geri \u00f6deme veya de\u011fi\u015fim sunamay\u0131z. \u0130ade i\u00e7in uygun olabilmeniz i\u00e7in \u00fcr\u00fcn\u00fcn\u00fcz kullan\u0131lmam\u0131\u015f ve ald\u0131\u011f\u0131n\u0131z durumunda olmal\u0131d\u0131r. Ayr\u0131ca orijinal ambalaj\u0131nda olmal\u0131d\u0131r. Belirli t\u00fcrdeki \u00fcr\u00fcnler iade edilemez. G\u0131da, \u00e7i\u00e7ekler, gazeteler veya dergiler gibi bozulabilir \u00fcr\u00fcnler iade [&hellip;]<\/p>\n","protected":false},"author":1,"featured_media":0,"parent":0,"menu_order":0,"comment_status":"closed","ping_status":"closed","template":"","meta":{"footnotes":""},"class_list":["post-4372","page","type-page","status-publish","hentry"],"_links":{"self":[{"href":"https:\/\/gooo-staro.com\/tr\/wp-json\/wp\/v2\/pages\/4372","targetHints":{"allow":["GET"]}}],"collection":[{"href":"https:\/\/gooo-staro.com\/tr\/wp-json\/wp\/v2\/pages"}],"about":[{"href":"https:\/\/gooo-staro.com\/tr\/wp-json\/wp\/v2\/types\/page"}],"author":[{"embeddable":true,"href":"https:\/\/gooo-staro.com\/tr\/wp-json\/wp\/v2\/users\/1"}],"replies":[{"embeddable":true,"href":"https:\/\/gooo-staro.com\/tr\/wp-json\/wp\/v2\/comments?post=4372"}],"version-history":[{"count":3,"href":"https:\/\/gooo-staro.com\/tr\/wp-json\/wp\/v2\/pages\/4372\/revisions"}],"predecessor-version":[{"id":4377,"href":"https:\/\/gooo-staro.com\/tr\/wp-json\/wp\/v2\/pages\/4372\/revisions\/4377"}],"wp:attachment":[{"href":"https:\/\/gooo-staro.com\/tr\/wp-json\/wp\/v2\/media?parent=4372"}],"curies":[{"name":"wp","href":"https:\/\/api.w.org\/{rel}","templated":true}]}}