{"id":3874,"date":"2017-09-27T17:17:24","date_gmt":"2017-09-27T17:17:24","guid":{"rendered":"https:\/\/gooo-staro.com\/cart\/"},"modified":"2024-07-22T16:08:37","modified_gmt":"2024-07-22T16:08:37","slug":"cart","status":"publish","type":"page","link":"https:\/\/gooo-staro.com\/tr\/cart\/","title":{"rendered":"Al\u0131\u015fveri\u015f Sepeti"},"content":{"rendered":"<div class=\"wpb-content-wrapper\"><p>[vc_row][vc_column el_class=&#8221;margin-bottom-30&#8243;][vc_column_text][\/vc_column_text][\/vc_column][\/vc_row]<\/p>\n<\/div>","protected":false},"excerpt":{"rendered":"<p>[vc_row][vc_column el_class=&#8221;margin-bottom-30&#8243;][vc_column_text][\/vc_column_text][\/vc_column][\/vc_row]<\/p>\n","protected":false},"author":1,"featured_media":0,"parent":0,"menu_order":0,"comment_status":"closed","ping_status":"closed","template":"page-shopping-cart.php","meta":{"footnotes":""},"class_list":["post-3874","page","type-page","status-publish","hentry"],"_links":{"self":[{"href":"https:\/\/gooo-staro.com\/tr\/wp-json\/wp\/v2\/pages\/3874","targetHints":{"allow":["GET"]}}],"collection":[{"href":"https:\/\/gooo-staro.com\/tr\/wp-json\/wp\/v2\/pages"}],"about":[{"href":"https:\/\/gooo-staro.com\/tr\/wp-json\/wp\/v2\/types\/page"}],"author":[{"embeddable":true,"href":"https:\/\/gooo-staro.com\/tr\/wp-json\/wp\/v2\/users\/1"}],"replies":[{"embeddable":true,"href":"https:\/\/gooo-staro.com\/tr\/wp-json\/wp\/v2\/comments?post=3874"}],"version-history":[{"count":1,"href":"https:\/\/gooo-staro.com\/tr\/wp-json\/wp\/v2\/pages\/3874\/revisions"}],"predecessor-version":[{"id":4175,"href":"https:\/\/gooo-staro.com\/tr\/wp-json\/wp\/v2\/pages\/3874\/revisions\/4175"}],"wp:attachment":[{"href":"https:\/\/gooo-staro.com\/tr\/wp-json\/wp\/v2\/media?parent=3874"}],"curies":[{"name":"wp","href":"https:\/\/api.w.org\/{rel}","templated":true}]}}